{"id":12132,"date":"2023-04-25T08:15:21","date_gmt":"2023-04-25T06:15:21","guid":{"rendered":"https:\/\/david-baias.ro\/?page_id=12132"},"modified":"2025-12-10T13:53:35","modified_gmt":"2025-12-10T11:53:35","slug":"about","status":"publish","type":"page","link":"https:\/\/www.david-baias.ro\/en\/about\/","title":{"rendered":"About Us"},"content":{"rendered":"\n<div class=\"wp-block-cover alignfull is-light db23-home-hero db23-hero-01\" style=\"padding-top:0;padding-right:0;padding-bottom:0;padding-left:0\"><img decoding=\"async\" width=\"1920\" height=\"1280\" class=\"wp-block-cover__image-background wp-image-11923\" alt=\"\" src=\"https:\/\/david-baias.ro\/wp-content\/uploads\/2023\/07\/Despre-Noi.jpg\" data-object-fit=\"cover\" srcset=\"https:\/\/www.david-baias.ro\/wp-content\/uploads\/2023\/07\/Despre-Noi.jpg 1920w, https:\/\/www.david-baias.ro\/wp-content\/uploads\/2023\/07\/Despre-Noi-300x200.jpg 300w, https:\/\/www.david-baias.ro\/wp-content\/uploads\/2023\/07\/Despre-Noi-1024x683.jpg 1024w, https:\/\/www.david-baias.ro\/wp-content\/uploads\/2023\/07\/Despre-Noi-768x512.jpg 768w, https:\/\/www.david-baias.ro\/wp-content\/uploads\/2023\/07\/Despre-Noi-1536x1024.jpg 1536w, https:\/\/www.david-baias.ro\/wp-content\/uploads\/2023\/07\/Despre-Noi-150x100.jpg 150w\" sizes=\"(max-width: 1920px) 100vw, 1920px\" \/><span aria-hidden=\"true\" class=\"wp-block-cover__background has-background-dim-0 has-background-dim\"><\/span><div class=\"wp-block-cover__inner-container is-layout-flow wp-block-cover-is-layout-flow\">\n<div class=\"db23-hero-01-wrp\">\n<div class=\"db23-hero-01-pagetitle\">\n<h1>About Us<\/h1>\n<\/div>\n<div class=\"db23-hero-01-quote\">\n<div class=\"db23-hero-01-quote-icon\">\n            <div class=\"wp-block-uagb-icon uagb-icon-wrapper\" style=\"width:60px;\">\n                <span class=\"uagb-svg-wrapper\">\n                    <svg xmlns=\"https:\/\/www.w3.org\/2000\/svg\" viewBox=\"0 0 448 512\">\n                        <path d=\"M96 96C42.98 96 0 138.1 0 192s42.98 96 96 96c11.28 0 21.95-2.305 32-5.879V288c0 35.3-28.7 64-64 64c-17.67 0-32 14.33-32 32s14.33 32 32 32c70.58 0 128-57.42 128-128V192C192 138.1 149 96 96 96zM448 192c0-53.02-42.98-96-96-96s-96 42.98-96 96s42.98 96 96 96c11.28 0 21.95-2.305 32-5.879V288c0 35.3-28.7 64-64 64c-17.67 0-32 14.33-32 32s14.33 32 32 32c70.58 0 128-57.42 128-128V192z\"><\/path>\n                    <\/svg><\/span><\/div>\n        <\/div>\n<div class=\"db23-hero-01-quote-content\">\n<div class=\"db23-hero-01-quote-large\">D&#038;B David and Baias \u2013 a successful partnership<\/div>\n<div class=\"db23-hero-01-quote-small\">In a partnership, the success belongs to the partnership. The team wins and with it, each one of its members.<\/div>\n<\/div>\n<\/div>\n<\/div>\n<\/div><\/div>\n\n\n\n<hr class=\"wp-block-separator has-text-color has-ast-global-color-5-color has-alpha-channel-opacity has-ast-global-color-5-background-color has-background\" style=\"margin-top:var(--wp--preset--spacing--40);margin-bottom:var(--wp--preset--spacing--40)\"\/>\n\n\n\n<div class=\"wp-block-uagb-container uagb-block-9ec0476c alignfull uagb-is-root-container\"><div class=\"uagb-container-inner-blocks-wrap\">\n<div class=\"wp-block-uagb-container uagb-block-7112b1f7\">\n<h3 class=\"wp-block-heading\">A partnership based on shared values<\/h3>\n\n\n\n<div class=\"wp-block-uagb-container uagb-block-cd4757f1\">\n<div class=\"wp-block-uagb-container uagb-block-2fe2077a\">\n<p><strong>D&amp;B David and Baias was founded in 2002<\/strong>&nbsp;by two old friends and colleagues, professors Sorin David and Flavius Baias.<\/p>\n\n\n\n<p>D&amp;B David and Baias was conceived as&nbsp;<strong>a partnership based on a community of values<\/strong>&nbsp;shared between its lawyers, them and the clients, and between D&amp;B and PwC. Its mission is to contribute to its clients efforts to develop and strengthen their businesses and, generally, to promote a professional, dynamic and honest business environment in Romania.<\/p>\n<\/div>\n\n\n\n<div class=\"wp-block-uagb-container uagb-block-78db590c\">\n<p>D&amp;B David and Baias is a business law firm. The D&amp;B David and Baias team of lawyers provides a&nbsp;<strong>full package of integrated, innovative and pragmatic solutions,<\/strong>&nbsp;by providing assistance, representation and legal advice in the following areas: corporate law, mergers, acquisitions and restructurings; competition and state aid; tax and commercial litigation; intellectual property; consumer protection and data privacy; real estate; employment; public procurement; financial services, insurance and capital markets; environmental law. D&amp;B David and Baias also specialises in pharma, energy, oil and gas, IT &amp; telecom, providing specific solutions for companies in these industries.<\/p>\n<\/div>\n<\/div>\n\n\n\n<hr class=\"wp-block-separator has-text-color has-luminous-vivid-orange-color has-alpha-channel-opacity has-luminous-vivid-orange-background-color has-background is-style-wide\" style=\"margin-top:var(--wp--preset--spacing--60);margin-bottom:var(--wp--preset--spacing--50)\"\/>\n\n\n\n<div class=\"wp-block-uagb-info-box uagb-block-4d10e287 uagb-infobox__content-wrap  uagb-infobox-icon-left-title uagb-infobox-left uagb-infobox-image-valign-top\"><div class=\"uagb-ifb-content\"><div class=\"uagb-ifb-left-title-image\"><div class=\"uagb-ifb-icon-wrap\"><svg xmlns=\"https:\/\/www.w3.org\/2000\/svg\" viewBox=\"0 0 384 512\"><path d=\"M288 358.3c13.98-8.088 17.53-30.04 28.88-41.39c11.35-11.35 33.3-14.88 41.39-28.87c7.98-13.79 .1658-34.54 4.373-50.29C366.7 222.5 383.1 208.5 383.1 192c0-16.5-17.27-30.52-21.34-45.73c-4.207-15.75 3.612-36.5-4.365-50.29c-8.086-13.98-30.03-17.52-41.38-28.87c-11.35-11.35-14.89-33.3-28.87-41.39c-13.79-7.979-34.54-.1637-50.29-4.375C222.5 17.27 208.5 0 192 0C175.5 0 161.5 17.27 146.3 21.34C130.5 25.54 109.8 17.73 95.98 25.7C82 33.79 78.46 55.74 67.11 67.08C55.77 78.43 33.81 81.97 25.72 95.95C17.74 109.7 25.56 130.5 21.35 146.2C17.27 161.5 .0008 175.5 .0008 192c0 16.5 17.27 30.52 21.34 45.73c4.207 15.75-3.615 36.5 4.361 50.29C33.8 302 55.74 305.5 67.08 316.9c11.35 11.35 14.89 33.3 28.88 41.4c13.79 7.979 34.53 .1582 50.28 4.369C161.5 366.7 175.5 384 192 384c16.5 0 30.52-17.27 45.74-21.34C253.5 358.5 274.2 366.3 288 358.3zM112 192c0-44.27 35.81-80 80-80s80 35.73 80 80c0 44.17-35.81 80-80 80S112 236.2 112 192zM1.719 433.2c-3.25 8.188-1.781 17.48 3.875 24.25c5.656 6.75 14.53 9.898 23.12 8.148l45.19-9.035l21.43 42.27C99.46 507 107.6 512 116.7 512c.3438 0 .6641-.0117 1.008-.0273c9.5-.375 17.65-6.082 21.24-14.88l33.58-82.08c-53.71-4.639-102-28.12-138.2-63.95L1.719 433.2zM349.6 351.1c-36.15 35.83-84.45 59.31-138.2 63.95l33.58 82.08c3.594 8.797 11.74 14.5 21.24 14.88C266.6 511.1 266.1 512 267.3 512c9.094 0 17.23-4.973 21.35-13.14l21.43-42.28l45.19 9.035c8.594 1.75 17.47-1.398 23.12-8.148c5.656-6.766 7.125-16.06 3.875-24.25L349.6 351.1z\"><\/path><\/svg><\/div><div class=\"uagb-ifb-title-wrap\"><h3 class=\"uagb-ifb-title\"><strong>The quality of our partnership <\/strong>places us at the top of the list of best law firms in Romania.<\/h3><\/div><\/div><\/div><\/div>\n\n\n\n<div class=\"wp-block-buttons is-content-justification-center is-layout-flex wp-container-core-buttons-is-layout-749adb30 wp-block-buttons-is-layout-flex\">\n<div class=\"wp-block-button\"><a class=\"wp-block-button__link wp-element-button\" href=\"\/en\/about\/rankings\/\">Clasamente D&amp;B David si Baias \u2013 2026<\/a><\/div>\n<\/div>\n\n\n\n<hr class=\"wp-block-separator has-text-color has-luminous-vivid-orange-color has-alpha-channel-opacity has-luminous-vivid-orange-background-color has-background is-style-wide\" style=\"margin-top:var(--wp--preset--spacing--50);margin-bottom:0\"\/>\n<\/div>\n\n\n\n<div class=\"wp-block-uagb-container uagb-block-bdd68a3c\">\n<hr class=\"wp-block-separator has-text-color has-luminous-vivid-orange-color has-alpha-channel-opacity has-luminous-vivid-orange-background-color has-background is-style-wide\" style=\"margin-top:0;margin-bottom:var(--wp--preset--spacing--30)\"\/>\n\n\n\n<h3 class=\"wp-block-heading has-luminous-vivid-orange-color has-text-color\" style=\"margin-bottom:var(--wp--preset--spacing--30)\">D&amp;B&nbsp;David&nbsp;\u015fi&nbsp;Baias Partners<\/h3>\n\n\n\n<div class=\"wp-block-uagb-icon-list uagb-block-89045499\"><div class=\"uagb-icon-list__wrap\">\n<div class=\"wp-block-uagb-icon-list-child uagb-block-2a47be65\"><a target=\"_self\" aria-label=\"Sorin David\" rel=\"noopener noreferrer\" href=\"\/en\/our-team\/partners\/sorin-david\/\"> <\/a><span class=\"uagb-icon-list__source-wrap\"><svg xmlns=\"https:\/\/www.w3.org\/2000\/svg\" viewBox=\"0 0 512 512\"><path d=\"M256 0C114.6 0 0 114.6 0 256c0 141.4 114.6 256 256 256s256-114.6 256-256C512 114.6 397.4 0 256 0zM406.6 278.6l-103.1 103.1c-12.5 12.5-32.75 12.5-45.25 0s-12.5-32.75 0-45.25L306.8 288H128C110.3 288 96 273.7 96 256s14.31-32 32-32h178.8l-49.38-49.38c-12.5-12.5-12.5-32.75 0-45.25s32.75-12.5 45.25 0l103.1 103.1C414.6 241.3 416 251.1 416 256C416 260.9 414.6 270.7 406.6 278.6z\"><\/path><\/svg><\/span><span class=\"uagb-icon-list__label\">Sorin David<\/span><\/div>\n\n\n\n<div class=\"wp-block-uagb-icon-list-child uagb-block-2589ab46\"><a target=\"_self\" aria-label=\"Dan Dasc\u0103lu\" rel=\"noopener noreferrer\" href=\"\/en\/our-team\/partners\/dan-dascalu\/\"> <\/a><span class=\"uagb-icon-list__source-wrap\"><svg xmlns=\"https:\/\/www.w3.org\/2000\/svg\" viewBox=\"0 0 512 512\"><path d=\"M256 0C114.6 0 0 114.6 0 256c0 141.4 114.6 256 256 256s256-114.6 256-256C512 114.6 397.4 0 256 0zM406.6 278.6l-103.1 103.1c-12.5 12.5-32.75 12.5-45.25 0s-12.5-32.75 0-45.25L306.8 288H128C110.3 288 96 273.7 96 256s14.31-32 32-32h178.8l-49.38-49.38c-12.5-12.5-12.5-32.75 0-45.25s32.75-12.5 45.25 0l103.1 103.1C414.6 241.3 416 251.1 416 256C416 260.9 414.6 270.7 406.6 278.6z\"><\/path><\/svg><\/span><span class=\"uagb-icon-list__label\">Dan Dasc\u0103lu<\/span><\/div>\n\n\n\n<div class=\"wp-block-uagb-icon-list-child uagb-block-049bebfd\"><a target=\"_self\" aria-label=\"Anda Rojanschi\" rel=\"noopener noreferrer\" href=\"\/en\/our-team\/partners\/anda-rojanschi\/\"> <\/a><span class=\"uagb-icon-list__source-wrap\"><svg xmlns=\"https:\/\/www.w3.org\/2000\/svg\" viewBox=\"0 0 512 512\"><path d=\"M256 0C114.6 0 0 114.6 0 256c0 141.4 114.6 256 256 256s256-114.6 256-256C512 114.6 397.4 0 256 0zM406.6 278.6l-103.1 103.1c-12.5 12.5-32.75 12.5-45.25 0s-12.5-32.75 0-45.25L306.8 288H128C110.3 288 96 273.7 96 256s14.31-32 32-32h178.8l-49.38-49.38c-12.5-12.5-12.5-32.75 0-45.25s32.75-12.5 45.25 0l103.1 103.1C414.6 241.3 416 251.1 416 256C416 260.9 414.6 270.7 406.6 278.6z\"><\/path><\/svg><\/span><span class=\"uagb-icon-list__label\">Anda Rojanschi<\/span><\/div>\n\n\n\n<div class=\"wp-block-uagb-icon-list-child uagb-block-f7fdd978\"><a target=\"_self\" aria-label=\"Ana-Maria Iordache\" rel=\"noopener noreferrer\" href=\"\/en\/our-team\/partners\/ana-maria-iordache\/\"> <\/a><span class=\"uagb-icon-list__source-wrap\"><svg xmlns=\"https:\/\/www.w3.org\/2000\/svg\" viewBox=\"0 0 512 512\"><path d=\"M256 0C114.6 0 0 114.6 0 256c0 141.4 114.6 256 256 256s256-114.6 256-256C512 114.6 397.4 0 256 0zM406.6 278.6l-103.1 103.1c-12.5 12.5-32.75 12.5-45.25 0s-12.5-32.75 0-45.25L306.8 288H128C110.3 288 96 273.7 96 256s14.31-32 32-32h178.8l-49.38-49.38c-12.5-12.5-12.5-32.75 0-45.25s32.75-12.5 45.25 0l103.1 103.1C414.6 241.3 416 251.1 416 256C416 260.9 414.6 270.7 406.6 278.6z\"><\/path><\/svg><\/span><span class=\"uagb-icon-list__label\">Ana-Maria Iordache<\/span><\/div>\n\n\n\n<div class=\"wp-block-uagb-icon-list-child uagb-block-12fc5713\"><a target=\"_self\" aria-label=\"Mihail Boian\" rel=\"noopener noreferrer\" href=\"\/en\/our-team\/partners\/mihail-boian\/\"> <\/a><span class=\"uagb-icon-list__source-wrap\"><svg xmlns=\"https:\/\/www.w3.org\/2000\/svg\" viewBox=\"0 0 512 512\"><path d=\"M256 0C114.6 0 0 114.6 0 256c0 141.4 114.6 256 256 256s256-114.6 256-256C512 114.6 397.4 0 256 0zM406.6 278.6l-103.1 103.1c-12.5 12.5-32.75 12.5-45.25 0s-12.5-32.75 0-45.25L306.8 288H128C110.3 288 96 273.7 96 256s14.31-32 32-32h178.8l-49.38-49.38c-12.5-12.5-12.5-32.75 0-45.25s32.75-12.5 45.25 0l103.1 103.1C414.6 241.3 416 251.1 416 256C416 260.9 414.6 270.7 406.6 278.6z\"><\/path><\/svg><\/span><span class=\"uagb-icon-list__label\">Mihail Boian<\/span><\/div>\n\n\n\n<div class=\"wp-block-uagb-icon-list-child uagb-block-c275c457\"><a target=\"_self\" aria-label=\"Cristina P\u0103duraru\" rel=\"noopener noreferrer\" href=\"\/en\/our-team\/partners\/cristina-paduraru\/\"> <\/a><span class=\"uagb-icon-list__source-wrap\"><svg xmlns=\"https:\/\/www.w3.org\/2000\/svg\" viewBox=\"0 0 512 512\"><path d=\"M256 0C114.6 0 0 114.6 0 256c0 141.4 114.6 256 256 256s256-114.6 256-256C512 114.6 397.4 0 256 0zM406.6 278.6l-103.1 103.1c-12.5 12.5-32.75 12.5-45.25 0s-12.5-32.75 0-45.25L306.8 288H128C110.3 288 96 273.7 96 256s14.31-32 32-32h178.8l-49.38-49.38c-12.5-12.5-12.5-32.75 0-45.25s32.75-12.5 45.25 0l103.1 103.1C414.6 241.3 416 251.1 416 256C416 260.9 414.6 270.7 406.6 278.6z\"><\/path><\/svg><\/span><span class=\"uagb-icon-list__label\">Cristina P\u0103duraru<\/span><\/div>\n\n\n\n<div class=\"wp-block-uagb-icon-list-child uagb-block-0e3fdca7\"><a target=\"_self\" aria-label=\"Ovidiu Bold\" rel=\"noopener noreferrer\" href=\"\/en\/our-team\/partners\/ovidiu-bold\/\"> <\/a><span class=\"uagb-icon-list__source-wrap\"><svg xmlns=\"https:\/\/www.w3.org\/2000\/svg\" viewBox=\"0 0 512 512\"><path d=\"M256 0C114.6 0 0 114.6 0 256c0 141.4 114.6 256 256 256s256-114.6 256-256C512 114.6 397.4 0 256 0zM406.6 278.6l-103.1 103.1c-12.5 12.5-32.75 12.5-45.25 0s-12.5-32.75 0-45.25L306.8 288H128C110.3 288 96 273.7 96 256s14.31-32 32-32h178.8l-49.38-49.38c-12.5-12.5-12.5-32.75 0-45.25s32.75-12.5 45.25 0l103.1 103.1C414.6 241.3 416 251.1 416 256C416 260.9 414.6 270.7 406.6 278.6z\"><\/path><\/svg><\/span><span class=\"uagb-icon-list__label\">Ovidiu Bold<\/span><\/div>\n\n\n\n<div class=\"wp-block-uagb-icon-list-child uagb-block-5ff09417\"><a target=\"_self\" aria-label=\"Lucian Bozian\" rel=\"noopener noreferrer\" href=\"\/en\/our-team\/partners\/lucian-bozian\/\/\"> <\/a><span class=\"uagb-icon-list__source-wrap\"><svg xmlns=\"https:\/\/www.w3.org\/2000\/svg\" viewBox=\"0 0 512 512\"><path d=\"M256 0C114.6 0 0 114.6 0 256c0 141.4 114.6 256 256 256s256-114.6 256-256C512 114.6 397.4 0 256 0zM406.6 278.6l-103.1 103.1c-12.5 12.5-32.75 12.5-45.25 0s-12.5-32.75 0-45.25L306.8 288H128C110.3 288 96 273.7 96 256s14.31-32 32-32h178.8l-49.38-49.38c-12.5-12.5-12.5-32.75 0-45.25s32.75-12.5 45.25 0l103.1 103.1C414.6 241.3 416 251.1 416 256C416 260.9 414.6 270.7 406.6 278.6z\"><\/path><\/svg><\/span><span class=\"uagb-icon-list__label\">Lucian Bozian<\/span><\/div>\n<\/div><\/div>\n\n\n\n<div class=\"inherit-container-width wp-block-group is-layout-constrained wp-block-group-is-layout-constrained\">\n<hr class=\"wp-block-separator has-text-color has-luminous-vivid-orange-color has-alpha-channel-opacity has-luminous-vivid-orange-background-color has-background is-style-wide\" style=\"margin-top:var(--wp--preset--spacing--60);margin-bottom:var(--wp--preset--spacing--20)\"\/>\n<\/div>\n\n\n\n<div class=\"inherit-container-width wp-block-group is-layout-constrained wp-block-group-is-layout-constrained\">\n<h3 class=\"wp-block-heading has-luminous-vivid-orange-color has-text-color\" style=\"margin-bottom:var(--wp--preset--spacing--30)\">D&amp;B&nbsp;David&nbsp;\u015fi&nbsp;Baias Team<\/h3>\n\n\n\n<div class=\"wp-block-uagb-icon-list uagb-block-b589d842\"><div class=\"uagb-icon-list__wrap\">\n<div class=\"wp-block-uagb-icon-list-child uagb-block-71b9ff9d\"><a target=\"_self\" aria-label=\"Counsels\" rel=\"noopener noreferrer\" href=\"\/en\/our-team\/counsels\/\"> <\/a><span class=\"uagb-icon-list__source-wrap\"><svg xmlns=\"https:\/\/www.w3.org\/2000\/svg\" viewBox=\"0 0 512 512\"><path d=\"M256 0C114.6 0 0 114.6 0 256c0 141.4 114.6 256 256 256s256-114.6 256-256C512 114.6 397.4 0 256 0zM406.6 278.6l-103.1 103.1c-12.5 12.5-32.75 12.5-45.25 0s-12.5-32.75 0-45.25L306.8 288H128C110.3 288 96 273.7 96 256s14.31-32 32-32h178.8l-49.38-49.38c-12.5-12.5-12.5-32.75 0-45.25s32.75-12.5 45.25 0l103.1 103.1C414.6 241.3 416 251.1 416 256C416 260.9 414.6 270.7 406.6 278.6z\"><\/path><\/svg><\/span><span class=\"uagb-icon-list__label\">Counsels<\/span><\/div>\n\n\n\n<div class=\"wp-block-uagb-icon-list-child uagb-block-68a255f6\"><a target=\"_self\" aria-label=\"Managing Associates\" rel=\"noopener noreferrer\" href=\"\/en\/our-team\/managing-associates\/\"> <\/a><span class=\"uagb-icon-list__source-wrap\"><svg xmlns=\"https:\/\/www.w3.org\/2000\/svg\" viewBox=\"0 0 512 512\"><path d=\"M256 0C114.6 0 0 114.6 0 256c0 141.4 114.6 256 256 256s256-114.6 256-256C512 114.6 397.4 0 256 0zM406.6 278.6l-103.1 103.1c-12.5 12.5-32.75 12.5-45.25 0s-12.5-32.75 0-45.25L306.8 288H128C110.3 288 96 273.7 96 256s14.31-32 32-32h178.8l-49.38-49.38c-12.5-12.5-12.5-32.75 0-45.25s32.75-12.5 45.25 0l103.1 103.1C414.6 241.3 416 251.1 416 256C416 260.9 414.6 270.7 406.6 278.6z\"><\/path><\/svg><\/span><span class=\"uagb-icon-list__label\">Managing Associates<\/span><\/div>\n\n\n\n<div class=\"wp-block-uagb-icon-list-child uagb-block-f8fc6a0f\"><a target=\"_self\" aria-label=\"Senior Associates\" rel=\"noopener noreferrer\" href=\"\/en\/our-team\/senior-associates\/\"> <\/a><span class=\"uagb-icon-list__source-wrap\"><svg xmlns=\"https:\/\/www.w3.org\/2000\/svg\" viewBox=\"0 0 512 512\"><path d=\"M256 0C114.6 0 0 114.6 0 256c0 141.4 114.6 256 256 256s256-114.6 256-256C512 114.6 397.4 0 256 0zM406.6 278.6l-103.1 103.1c-12.5 12.5-32.75 12.5-45.25 0s-12.5-32.75 0-45.25L306.8 288H128C110.3 288 96 273.7 96 256s14.31-32 32-32h178.8l-49.38-49.38c-12.5-12.5-12.5-32.75 0-45.25s32.75-12.5 45.25 0l103.1 103.1C414.6 241.3 416 251.1 416 256C416 260.9 414.6 270.7 406.6 278.6z\"><\/path><\/svg><\/span><span class=\"uagb-icon-list__label\">Senior Associates<\/span><\/div>\n\n\n\n<div class=\"wp-block-uagb-icon-list-child uagb-block-580b7592\"><a target=\"_self\" aria-label=\"Associates\" rel=\"noopener noreferrer\" href=\"\/en\/our-team\/associates\/\"> <\/a><span class=\"uagb-icon-list__source-wrap\"><svg xmlns=\"https:\/\/www.w3.org\/2000\/svg\" viewBox=\"0 0 512 512\"><path d=\"M256 0C114.6 0 0 114.6 0 256c0 141.4 114.6 256 256 256s256-114.6 256-256C512 114.6 397.4 0 256 0zM406.6 278.6l-103.1 103.1c-12.5 12.5-32.75 12.5-45.25 0s-12.5-32.75 0-45.25L306.8 288H128C110.3 288 96 273.7 96 256s14.31-32 32-32h178.8l-49.38-49.38c-12.5-12.5-12.5-32.75 0-45.25s32.75-12.5 45.25 0l103.1 103.1C414.6 241.3 416 251.1 416 256C416 260.9 414.6 270.7 406.6 278.6z\"><\/path><\/svg><\/span><span class=\"uagb-icon-list__label\">Associates<\/span><\/div>\n\n\n\n<div class=\"wp-block-uagb-icon-list-child uagb-block-38f7f302\"><a target=\"_self\" aria-label=\"Junior Associates\" rel=\"noopener noreferrer\" href=\"\/en\/our-team\/junior-lawyers\/\"> <\/a><span class=\"uagb-icon-list__source-wrap\"><svg xmlns=\"https:\/\/www.w3.org\/2000\/svg\" viewBox=\"0 0 512 512\"><path d=\"M256 0C114.6 0 0 114.6 0 256c0 141.4 114.6 256 256 256s256-114.6 256-256C512 114.6 397.4 0 256 0zM406.6 278.6l-103.1 103.1c-12.5 12.5-32.75 12.5-45.25 0s-12.5-32.75 0-45.25L306.8 288H128C110.3 288 96 273.7 96 256s14.31-32 32-32h178.8l-49.38-49.38c-12.5-12.5-12.5-32.75 0-45.25s32.75-12.5 45.25 0l103.1 103.1C414.6 241.3 416 251.1 416 256C416 260.9 414.6 270.7 406.6 278.6z\"><\/path><\/svg><\/span><span class=\"uagb-icon-list__label\">Junior Associates<\/span><\/div>\n\n\n\n<div class=\"wp-block-uagb-icon-list-child uagb-block-1f814ac2\"><a target=\"_self\" aria-label=\"Consultants\" rel=\"noopener noreferrer\" href=\"\/en\/our-team\/consultants\/\"> <\/a><span class=\"uagb-icon-list__source-wrap\"><svg xmlns=\"https:\/\/www.w3.org\/2000\/svg\" viewBox=\"0 0 512 512\"><path d=\"M256 0C114.6 0 0 114.6 0 256c0 141.4 114.6 256 256 256s256-114.6 256-256C512 114.6 397.4 0 256 0zM406.6 278.6l-103.1 103.1c-12.5 12.5-32.75 12.5-45.25 0s-12.5-32.75 0-45.25L306.8 288H128C110.3 288 96 273.7 96 256s14.31-32 32-32h178.8l-49.38-49.38c-12.5-12.5-12.5-32.75 0-45.25s32.75-12.5 45.25 0l103.1 103.1C414.6 241.3 416 251.1 416 256C416 260.9 414.6 270.7 406.6 278.6z\"><\/path><\/svg><\/span><span class=\"uagb-icon-list__label\">Consultants<\/span><\/div>\n<\/div><\/div>\n<\/div>\n<\/div>\n<\/div><\/div>\n\n\n\n<h3 class=\"wp-block-heading\" style=\"margin-top:var(--wp--preset--spacing--50)\">Some of our clients<\/h3>\n\n\n\n<ul class=\"db23-list-cols200\">\n \t<li>AbbVie Romania<\/li>\n \t<li>Alfred C Toepfer<\/li>\n \t<li>Altex<\/li>\n \t<li>Angelini Pharmaceuticals Romania<\/li>\n \t<li>Anima Medical<\/li>\n \t<li>Arhiconstruct<\/li>\n \t<li>Automobile Bavaria<\/li>\n \t<li>B.Braun<\/li>\n \t<li>Banca Comercial\u0103 Intesa San Paolo<\/li>\n \t<li>Banca Transilvania<\/li>\n \t<li>Bekaert Slatina<\/li>\n \t<li>Bosch Romania<\/li>\n \t<li>BRD Asigur\u0103ri de Via\u0163\u0103<\/li>\n \t<li>Cargill<\/li>\n \t<li>Carrefour Romania<\/li>\n \t<li>Cascade Park Plaza<\/li>\n \t<li>Castrol Lubricants<\/li>\n \t<li>CEC Bank<\/li>\n \t<li>Ceres Pharma NV<\/li>\n \t<li>City Grill Group<\/li>\n \t<li>Complexul Energetic Oltenia<\/li>\n \t<li>Deichmann<\/li>\n \t<li>Dnata Catering<\/li>\n \t<li>Donalam (Group Beltrame)<\/li>\n \t<li>DSV Air&amp;Sea<\/li>\n \t<li>Enel<\/li>\n \t<li>Energobit<\/li>\n \t<li>EUROPA Investment Fund, an investment fund managed by Hodler Asset Management<\/li>\n \t<li>Evergent Investments<\/li>\n \t<li>EXIMBANK<\/li>\n \t<li>Fildas\/Catena<\/li>\n \t<li>Fiterman Pharma<\/li>\n \t<li>Flo Shoes<\/li>\n \t<li>Foot Locker<\/li>\n \t<li>General Electric International Inc.<\/li>\n \t<li>Google<\/li>\n \t<li>H&amp;M<\/li>\n \t<li>Heidelberg Materials<\/li>\n \t<li>Heraeus<\/li>\n \t<li>Hirschmann Automotive<\/li>\n \t<li>Hodler Alapkezelo Zrt.<\/li>\n \t<li>HS Timber<\/li>\n \t<li>Istanbul Memorial Healthcare Group<\/li>\n \t<li>JT International<\/li>\n \t<li>Kronospan Trading<\/li>\n \t<li>Lasting Systems<\/li>\n \t<li>Leoni Wiring<\/li>\n \t<li>Leroy Merlin<\/li>\n \t<li>Lidl<\/li>\n \t<li>Mediplus<\/li>\n \t<li>Mennekes Romania<\/li>\n \t<li>Metair Investments<\/li>\n \t<li>Metro Cash&amp;Carry<\/li>\n \t<li>Microchip Technology<\/li>\n \t<li>Omniasig Vienna Insurance Group<\/li>\n \t<li>OMV Petrom<\/li>\n \t<li>Oracle<\/li>\n \t<li>Orange (France Telecom)<\/li>\n \t<li>Orange Romania<\/li>\n \t<li>Otelinox<\/li>\n \t<li>Pfizer Romania<\/li>\n \t<li>Porta Doors<\/li>\n \t<li>Proleasing Motors<\/li>\n \t<li>Public Power Corporation S.A.<\/li>\n \t<li>Raiffeisen Group<\/li>\n \t<li>Rombat<\/li>\n \t<li>Samsung Electronics Romania<\/li>\n \t<li>SeedBlink Crowd<\/li>\n \t<li>Selgros<\/li>\n \t<li>Shell Romania<\/li>\n \t<li>Sigma CVM Romania<\/li>\n \t<li>Signal Iduna Asigurare Reasigurare<\/li>\n \t<li>Sogefi Group<\/li>\n \t<li>Tarom<\/li>\n \t<li>Tchibo Coffee Service<\/li>\n \t<li>\u0162iriac Group<\/li>\n \t<li>Toros Agroport Romania<\/li>\n \t<li>Unilever Romania<\/li>\n \t<li>Valeo Group<\/li>\n \t<li>Vista Bank Romania<\/li>\n \t<li>Voith<\/li>\n \t<li>Yap\u0131 Merkezi Holding A.\u015e.<\/li>\n \t<li>Yazaki<\/li>\n<\/ul>\n","protected":false},"excerpt":{"rendered":"<p>A partnership based on shared values D&amp;B David and Baias [&hellip;]<\/p>\n","protected":false},"author":1,"featured_media":0,"parent":0,"menu_order":0,"comment_status":"closed","ping_status":"closed","template":"","meta":{"_uag_custom_page_level_css":"","site-sidebar-layout":"default","site-content-layout":"plain-container","ast-site-content-layout":"normal-width-container","site-content-style":"unboxed","site-sidebar-style":"unboxed","ast-global-header-display":"","ast-banner-title-visibility":"","ast-main-header-display":"","ast-hfb-above-header-display":"","ast-hfb-below-header-display":"","ast-hfb-mobile-header-display":"","site-post-title":"disabled","ast-breadcrumbs-content":"","ast-featured-img":"disabled","footer-sml-layout":"","ast-disable-related-posts":"","theme-transparent-header-meta":"default","adv-header-id-meta":"","stick-header-meta":"","header-above-stick-meta":"","header-main-stick-meta":"","header-below-stick-meta":"","astra-migrate-meta-layouts":"set","ast-page-background-enabled":"default","ast-page-background-meta":{"desktop":{"background-color":"var(--ast-global-color-4)","background-image":"","background-repeat":"repeat","background-position":"center center","background-size":"auto","background-attachment":"scroll","background-type":"","background-media":"","overlay-type":"","overlay-color":"","overlay-opacity":"","overlay-gradient":""},"tablet":{"background-color":"","background-image":"","background-repeat":"repeat","background-position":"center center","background-size":"auto","background-attachment":"scroll","background-type":"","background-media":"","overlay-type":"","overlay-color":"","overlay-opacity":"","overlay-gradient":""},"mobile":{"background-color":"","background-image":"","background-repeat":"repeat","background-position":"center center","background-size":"auto","background-attachment":"scroll","background-type":"","background-media":"","overlay-type":"","overlay-color":"","overlay-opacity":"","overlay-gradient":""}},"ast-content-background-meta":{"desktop":{"background-color":"var(--ast-global-color-5)","background-image":"","background-repeat":"repeat","background-position":"center center","background-size":"auto","background-attachment":"scroll","background-type":"","background-media":"","overlay-type":"","overlay-color":"","overlay-opacity":"","overlay-gradient":""},"tablet":{"background-color":"var(--ast-global-color-5)","background-image":"","background-repeat":"repeat","background-position":"center center","background-size":"auto","background-attachment":"scroll","background-type":"","background-media":"","overlay-type":"","overlay-color":"","overlay-opacity":"","overlay-gradient":""},"mobile":{"background-color":"var(--ast-global-color-5)","background-image":"","background-repeat":"repeat","background-position":"center center","background-size":"auto","background-attachment":"scroll","background-type":"","background-media":"","overlay-type":"","overlay-color":"","overlay-opacity":"","overlay-gradient":""}},"footnotes":""},"class_list":["post-12132","page","type-page","status-publish","hentry"],"acf":[],"aioseo_notices":[],"uagb_featured_image_src":{"full":false,"thumbnail":false,"medium":false,"medium_large":false,"large":false,"1536x1536":false,"2048x2048":false,"team-person":false},"uagb_author_info":{"display_name":"dbadmin","author_link":"https:\/\/www.david-baias.ro\/en\/author\/dbadmin\/"},"uagb_comment_info":0,"uagb_excerpt":"A partnership based on shared values D&amp;B David and Baias [&hellip;]","_links":{"self":[{"href":"https:\/\/www.david-baias.ro\/en\/wp-json\/wp\/v2\/pages\/12132","targetHints":{"allow":["GET"]}}],"collection":[{"href":"https:\/\/www.david-baias.ro\/en\/wp-json\/wp\/v2\/pages"}],"about":[{"href":"https:\/\/www.david-baias.ro\/en\/wp-json\/wp\/v2\/types\/page"}],"author":[{"embeddable":true,"href":"https:\/\/www.david-baias.ro\/en\/wp-json\/wp\/v2\/users\/1"}],"replies":[{"embeddable":true,"href":"https:\/\/www.david-baias.ro\/en\/wp-json\/wp\/v2\/comments?post=12132"}],"version-history":[{"count":6,"href":"https:\/\/www.david-baias.ro\/en\/wp-json\/wp\/v2\/pages\/12132\/revisions"}],"predecessor-version":[{"id":15939,"href":"https:\/\/www.david-baias.ro\/en\/wp-json\/wp\/v2\/pages\/12132\/revisions\/15939"}],"wp:attachment":[{"href":"https:\/\/www.david-baias.ro\/en\/wp-json\/wp\/v2\/media?parent=12132"}],"curies":[{"name":"wp","href":"https:\/\/api.w.org\/{rel}","templated":true}]}}